{"id":111,"date":"2025-05-11T15:12:21","date_gmt":"2025-05-11T13:12:21","guid":{"rendered":"https:\/\/charlieaudio.fr\/?page_id=111"},"modified":"2025-05-26T16:53:03","modified_gmt":"2025-05-26T14:53:03","slug":"mon-systeme-tarifaire","status":"publish","type":"page","link":"https:\/\/charlieaudio.fr\/index.php\/mon-systeme-tarifaire\/","title":{"rendered":"MON SYST\u00c8ME TARIFAIRE"},"content":{"rendered":"\n<p>Pour les particuli\u00e8r\u00b7e\u00b7s (hors entreprises \/ prestataires \/ association), je propose 3 tarifs pour chaque prestation.<\/p>\n\n\n\n<p>Le premier tarif est celui que tu choisis si tu n&#8217;as pas les ressources financi\u00e8res de payer plus et souhaites tout de m\u00eame b\u00e9n\u00e9ficier de l&#8217;atelier \/ la formation.<\/p>\n\n\n\n<p>Le second tarif est le prix moyen qui couvre une partie de mes co\u00fbts (urssaf, loyer local, pr\u00e9paration, etc.). C&#8217;est celui que tu choisis si tu peux payer plus que le premier tarif mais ne peut pas payer le troisi\u00e8me tarif.<\/p>\n\n\n\n<p>Le troisi\u00e8me tarif est le prix r\u00e9el de mon travail, qui couvre mes co\u00fbts (urssaf, loyer local, pr\u00e9paration, etc.). Tu permets \u00e9galement \u00e0 d&#8217;autres personnes ayant moins de moyens d&#8217;acc\u00e9der \u00e0 ce que je propose tout en m&#8217;assurant un mod\u00e8le \u00e9conomique viable sur le long terme.<\/p>\n\n\n\n<p>Ce syst\u00e8me repose sur la confiance : c&#8217;est \u00e0 toi de prendre le temps de r\u00e9fl\u00e9chir \u00e0 ce que tu es en mesure de payer pour le travail et la prestation que je fournis.<\/p>\n\n\n\n<p>Un paiement en trois fois est possible.<\/p>\n","protected":false},"excerpt":{"rendered":"<p>Pour les particuli\u00e8r\u00b7e\u00b7s (hors entreprises \/ prestataires \/ association), je propose 3 tarifs pour chaque prestation. Le premier tarif est celui que tu choisis si tu n&#8217;as pas les ressources financi\u00e8res de payer plus et souhaites tout de m\u00eame b\u00e9n\u00e9ficier de l&#8217;atelier \/ la formation. Le second tarif est le prix moyen qui couvre une &hellip; <\/p>\n<p class=\"link-more\"><a href=\"https:\/\/charlieaudio.fr\/index.php\/mon-systeme-tarifaire\/\" class=\"more-link\">Read more<span class=\"screen-reader-text\"> &#8220;MON SYST\u00c8ME TARIFAIRE&#8221;<\/span><\/a><\/p>\n","protected":false},"author":1,"featured_media":38,"parent":0,"menu_order":0,"comment_status":"closed","ping_status":"open","template":"","meta":{"footnotes":""},"class_list":["post-111","page","type-page","status-publish","has-post-thumbnail","hentry"],"featured_media_urls":{"thumbnail":["https:\/\/charlieaudio.fr\/wp-content\/uploads\/2025\/05\/money-2696228_1280-150x150.jpg",150,150,true],"medium":["https:\/\/charlieaudio.fr\/wp-content\/uploads\/2025\/05\/money-2696228_1280-300x170.jpg",300,170,true],"medium_large":["https:\/\/charlieaudio.fr\/wp-content\/uploads\/2025\/05\/money-2696228_1280.jpg",768,435,false],"large":["https:\/\/charlieaudio.fr\/wp-content\/uploads\/2025\/05\/money-2696228_1280-1024x580.jpg",950,538,true],"1536x1536":["https:\/\/charlieaudio.fr\/wp-content\/uploads\/2025\/05\/money-2696228_1280.jpg",1280,725,false],"2048x2048":["https:\/\/charlieaudio.fr\/wp-content\/uploads\/2025\/05\/money-2696228_1280.jpg",1280,725,false],"inspiro-featured-image":["https:\/\/charlieaudio.fr\/wp-content\/uploads\/2025\/05\/money-2696228_1280.jpg",1280,725,false],"inspiro-loop":["https:\/\/charlieaudio.fr\/wp-content\/uploads\/2025\/05\/money-2696228_1280-950x320.jpg",950,320,true],"inspiro-loop@2x":["https:\/\/charlieaudio.fr\/wp-content\/uploads\/2025\/05\/money-2696228_1280-1280x640.jpg",1280,640,true],"mailpoet_newsletter_max":["https:\/\/charlieaudio.fr\/wp-content\/uploads\/2025\/05\/money-2696228_1280.jpg",1280,725,false],"portfolio_item-thumbnail":["https:\/\/charlieaudio.fr\/wp-content\/uploads\/2025\/05\/money-2696228_1280-600x400.jpg",600,400,true],"portfolio_item-thumbnail@2x":["https:\/\/charlieaudio.fr\/wp-content\/uploads\/2025\/05\/money-2696228_1280-1200x725.jpg",1200,725,true],"portfolio_item-masonry":["https:\/\/charlieaudio.fr\/wp-content\/uploads\/2025\/05\/money-2696228_1280-600x340.jpg",600,340,true],"portfolio_item-masonry@2x":["https:\/\/charlieaudio.fr\/wp-content\/uploads\/2025\/05\/money-2696228_1280-1200x680.jpg",1200,680,true],"portfolio_item-thumbnail_cinema":["https:\/\/charlieaudio.fr\/wp-content\/uploads\/2025\/05\/money-2696228_1280-800x335.jpg",800,335,true],"portfolio_item-thumbnail_portrait":["https:\/\/charlieaudio.fr\/wp-content\/uploads\/2025\/05\/money-2696228_1280-600x725.jpg",600,725,true],"portfolio_item-thumbnail_portrait@2x":["https:\/\/charlieaudio.fr\/wp-content\/uploads\/2025\/05\/money-2696228_1280-1200x725.jpg",1200,725,true],"portfolio_item-thumbnail_square":["https:\/\/charlieaudio.fr\/wp-content\/uploads\/2025\/05\/money-2696228_1280-800x725.jpg",800,725,true]},"_links":{"self":[{"href":"https:\/\/charlieaudio.fr\/index.php\/wp-json\/wp\/v2\/pages\/111","targetHints":{"allow":["GET"]}}],"collection":[{"href":"https:\/\/charlieaudio.fr\/index.php\/wp-json\/wp\/v2\/pages"}],"about":[{"href":"https:\/\/charlieaudio.fr\/index.php\/wp-json\/wp\/v2\/types\/page"}],"author":[{"embeddable":true,"href":"https:\/\/charlieaudio.fr\/index.php\/wp-json\/wp\/v2\/users\/1"}],"replies":[{"embeddable":true,"href":"https:\/\/charlieaudio.fr\/index.php\/wp-json\/wp\/v2\/comments?post=111"}],"version-history":[{"count":2,"href":"https:\/\/charlieaudio.fr\/index.php\/wp-json\/wp\/v2\/pages\/111\/revisions"}],"predecessor-version":[{"id":192,"href":"https:\/\/charlieaudio.fr\/index.php\/wp-json\/wp\/v2\/pages\/111\/revisions\/192"}],"wp:featuredmedia":[{"embeddable":true,"href":"https:\/\/charlieaudio.fr\/index.php\/wp-json\/wp\/v2\/media\/38"}],"wp:attachment":[{"href":"https:\/\/charlieaudio.fr\/index.php\/wp-json\/wp\/v2\/media?parent=111"}],"curies":[{"name":"wp","href":"https:\/\/api.w.org\/{rel}","templated":true}]}}