{"id":292,"date":"2025-11-29T18:15:55","date_gmt":"2025-11-29T17:15:55","guid":{"rendered":"https:\/\/charlieaudio.fr\/?page_id=292"},"modified":"2025-11-29T18:15:55","modified_gmt":"2025-11-29T17:15:55","slug":"mentions-legales","status":"publish","type":"page","link":"https:\/\/charlieaudio.fr\/index.php\/mentions-legales\/","title":{"rendered":"Mentions L\u00e9gales"},"content":{"rendered":"\n<p><em>Derni\u00e8re mise \u00e0 jour : 22 novembre 2025<\/em><\/p>\n\n\n\n<p><strong>Le Site<\/strong><\/p>\n\n\n\n<p>Le site <a href=\"https:\/\/charlieaudio.fr\" target=\"_blank\" rel=\"noreferrer noopener\">Charlie Audio<\/a> est \u00e9dit\u00e9 par Charlie Droesch-Du Cerceau, auto-entreprise enregistr\u00e9e sous le num\u00e9ro SIRET 935 025 106 00011<\/p>\n\n\n\n<p>Administration et d\u00e9veloppement : Charlie Droesch-Du Cerceau<\/p>\n\n\n\n<p>R\u00e9daction &amp; publication : Charlie Droesch-Du Cerceau<\/p>\n\n\n\n<p>Email : contact@charlieaudio.fr<\/p>\n\n\n\n<p><strong>H\u00e9bergeur du site internet<\/strong><\/p>\n\n\n\n<p>Le site <a href=\"https:\/\/charlieaudio.fr\" target=\"_blank\" rel=\"noreferrer noopener\">www.charlieaudio.fr<\/a> est h\u00e9berg\u00e9 par OVH &#8211; 2 rue Kellermann &#8211; 59100 Roubaix.<\/p>\n\n\n\n<p>SIRET : 424 761 419 00045<\/p>\n\n\n\n<p>Site web : <a href=\"https:\/\/www.ovhcloud.com\/fr\/\" target=\"_blank\" rel=\"noreferrer noopener\">www.ovhcloud.com\/fr\/<\/a><\/p>\n\n\n\n<p><strong>Conditions d\u2019utilisation<\/strong><\/p>\n\n\n\n<p>Le Site est exploit\u00e9 dans le respect de la l\u00e9gislation fran\u00e7aise. L\u2019utilisation de ce site est r\u00e9gie par les pr\u00e9sentes conditions g\u00e9n\u00e9rales. En utilisant le Site, vous reconnaissez avoir pris connaissance de ces conditions et les avoir accept\u00e9es. Celles-ci pourront \u00eatre modifi\u00e9es \u00e0 tout moment et sans pr\u00e9avis par Charlie Droesch-Du Cerceau.<\/p>\n\n\n\n<p>Charlie Droesch-Du Cerceau ne saurait \u00eatre tenue pour responsable en aucune mani\u00e8re d\u2019une mauvaise utilisation du service.<\/p>\n\n\n\n<p><strong>Respect de la propri\u00e9t\u00e9 intellectuelle<\/strong><\/p>\n\n\n\n<p>Toutes les marques, photographies, textes, commentaires, illustrations, images anim\u00e9es ou non, s\u00e9quences vid\u00e9o, sons, ainsi que toutes les applications informatiques qui pourraient \u00eatre utilis\u00e9es pour faire fonctionner <a href=\"https:\/\/charlieaudio.fr\" target=\"_blank\" rel=\"noreferrer noopener\">www.charlieaudio.fr<\/a> et plus g\u00e9n\u00e9ralement tous les \u00e9l\u00e9ments reproduits ou utilis\u00e9s sur ledit site sont prot\u00e9g\u00e9s par les lois en vigueur au titre de la propri\u00e9t\u00e9 intellectuelle.<\/p>\n\n\n\n<p>Ils sont la propri\u00e9t\u00e9 pleine et enti\u00e8re de Charlie Audio ou de ses partenaires, sauf mentions particuli\u00e8res. Toute reproduction, repr\u00e9sentation, utilisation ou adaptation, sous quelque forme que ce soit, de tout ou partie de ces \u00e9l\u00e9ments, y compris les applications informatiques, sans l\u2019accord pr\u00e9alable et \u00e9crit de Charlie Audio, sont strictement interdites. Le fait pour Charlie Audio de ne pas engager de proc\u00e9dure d\u00e8s la prise de connaissance de ces utilisations non autoris\u00e9es ne vaut pas acceptation desdites utilisations et renonciation aux poursuites.<\/p>\n\n\n\n<p>Les utilisateurs s\u2019engagent \u00e0 ne pas utiliser, transmettre ou reproduire tout ou partie de ces documents en vue de l\u2019organisation ou de l\u2019animation de prestations connexes \u00e0 celles exerc\u00e9es par Charlie Audio. Cette repr\u00e9sentation ou reproduction, par quelque proc\u00e9d\u00e9 que ce soit, constitue une contrefa\u00e7on sanctionn\u00e9e par les articles L.335-2 et suivants du Code de la propri\u00e9t\u00e9 intellectuelle. Le non-respect de cette interdiction constitue une contrefa\u00e7on pouvant engager la responsabilit\u00e9 civile et p\u00e9nale du contrefacteur. En outre, les propri\u00e9taires des Contenus copi\u00e9s pourraient intenter une action en justice \u00e0 votre encontre. Aucune action de parasitisme et de concurrence d\u00e9loyale ne sera tol\u00e9r\u00e9e. Il est strictement interdit aux utilisateurs de proc\u00e9der au don ou \u00e0 la revente des supports \u00e9crits, oraux ou vid\u00e9os d\u00e9livr\u00e9s par le prestataire, sous peine de poursuites judiciaires.<\/p>\n\n\n\n<p><strong>Liens hypertextes<\/strong><\/p>\n\n\n\n<p>Le site peut contenir des liens hypertexte donnant acc\u00e8s \u00e0 d\u2019autres sites web \u00e9dit\u00e9s et g\u00e9r\u00e9s par des tiers et non par Charie Audio. Celui-ci ne pourra \u00eatre tenu responsable directement ou indirectement dans le cas o\u00f9 lesdits sites tiers ne respecteraient pas les dispositions l\u00e9gales. Seule la responsabilit\u00e9 desdits sites peut \u00eatre engag\u00e9e.<\/p>\n\n\n\n<p>La cr\u00e9ation de liens hypertextes vers le site <a href=\"https:\/\/charlieaudio.fr\" target=\"_blank\" rel=\"noreferrer noopener\">www.charlieaudio.fr<\/a> ne peut \u00eatre faite qu\u2019avec l\u2019autorisation \u00e9crite et pr\u00e9alable de Charlie Audio.<\/p>\n\n\n\n<p><strong>Informatique et libert\u00e9s<\/strong><\/p>\n\n\n\n<p>Les donn\u00e9es trait\u00e9es en ligne par Charlie Audio concernent les informations personnelles des utilisateurs, apr\u00e8s avoir recueilli leur consentement. Aucune donn\u00e9e personnelle n\u2019est vendue, transf\u00e9r\u00e9e ou communiqu\u00e9e \u00e0 des tiers.<\/p>\n\n\n\n<p>Elles sont conserv\u00e9es par le prestataire pour une dur\u00e9e de 3 ans, \u00e0 des fins professionnelles de prospection.<\/p>\n\n\n\n<p>Conform\u00e9ment aux dispositions en vigueur relatives \u00e0 l\u2019informatique, aux fichiers et aux libert\u00e9s, vous disposez d\u2019un droit d\u2019acc\u00e8s, de modification, de rectification et de suppression des donn\u00e9es qui vous concernent.<\/p>\n\n\n\n<p>La responsable des traitements de donn\u00e9es personnelles sur ce site internet est Charlie Droesch-Du Cerceau.<\/p>\n\n\n\n<p>Si vous souhaitez exercer ces droits, vous pouvez contacter :<\/p>\n\n\n\n<ul class=\"wp-block-list\">\n<li>par email : contact@charlieaudio.fr<\/li>\n<\/ul>\n\n\n\n<p>Pour solliciter une modification, une rectification ou une suppression des donn\u00e9es vous concernant, il vous suffit d\u2019envoyer au prestataire un courrier par voie \u00e9lectronique ou postale en justifiant de votre identit\u00e9.<\/p>\n\n\n\n<p>Si vous estimez que le site internet ne respecte pas vos droits en mati\u00e8re de protection des donn\u00e9es personnelles, vous pouvez \u00e9galement former un recours aupr\u00e8s de la Commission Nationale Informatique et Libert\u00e9 (CNIL), apr\u00e8s une tentative pr\u00e9alable de r\u00e9solution amiable des diff\u00e9rends.<\/p>\n\n\n\n<p><strong>Responsabilit\u00e9<\/strong><\/p>\n\n\n\n<p>Charlie Audio d\u00e9cline toute responsabilit\u00e9 quant aux \u00e9ventuels dysfonctionnements pouvant survenir sur le Site et entra\u00eener une perte de donn\u00e9es, ou une indisponibilit\u00e9 de l\u2019acc\u00e8s aux informations produites sur celui-ci. Charlie Audio ne peut garantir l\u2019exhaustivit\u00e9 et la v\u00e9racit\u00e9 des informations pr\u00e9sentes sur le Site ainsi que l\u2019absence de modification par un tiers (intrusion, virus). L\u2019internaute est seul responsable de l\u2019utilisation qu\u2019il fait du contenu du Site.<\/p>\n\n\n\n<p>Les \u00e9l\u00e9ments pr\u00e9sent\u00e9s sur le Site sont susceptibles de modification sans pr\u00e9avis et sont mis \u00e0 la disposition des internautes, sans aucune garantie d\u2019aucune sorte, expresse ou tacite.<\/p>\n","protected":false},"excerpt":{"rendered":"<p>Derni\u00e8re mise \u00e0 jour : 22 novembre 2025 Le Site Le site Charlie Audio est \u00e9dit\u00e9 par Charlie Droesch-Du Cerceau, auto-entreprise enregistr\u00e9e sous le num\u00e9ro SIRET 935 025 106 00011 Administration et d\u00e9veloppement : Charlie Droesch-Du Cerceau R\u00e9daction &amp; publication : Charlie Droesch-Du Cerceau Email : contact@charlieaudio.fr H\u00e9bergeur du site internet Le site www.charlieaudio.fr est &hellip; <\/p>\n<p class=\"link-more\"><a href=\"https:\/\/charlieaudio.fr\/index.php\/mentions-legales\/\" class=\"more-link\">Read more<span class=\"screen-reader-text\"> &#8220;Mentions L\u00e9gales&#8221;<\/span><\/a><\/p>\n","protected":false},"author":1,"featured_media":0,"parent":0,"menu_order":0,"comment_status":"closed","ping_status":"closed","template":"","meta":{"footnotes":""},"class_list":["post-292","page","type-page","status-publish","hentry"],"featured_media_urls":[],"_links":{"self":[{"href":"https:\/\/charlieaudio.fr\/index.php\/wp-json\/wp\/v2\/pages\/292","targetHints":{"allow":["GET"]}}],"collection":[{"href":"https:\/\/charlieaudio.fr\/index.php\/wp-json\/wp\/v2\/pages"}],"about":[{"href":"https:\/\/charlieaudio.fr\/index.php\/wp-json\/wp\/v2\/types\/page"}],"author":[{"embeddable":true,"href":"https:\/\/charlieaudio.fr\/index.php\/wp-json\/wp\/v2\/users\/1"}],"replies":[{"embeddable":true,"href":"https:\/\/charlieaudio.fr\/index.php\/wp-json\/wp\/v2\/comments?post=292"}],"version-history":[{"count":2,"href":"https:\/\/charlieaudio.fr\/index.php\/wp-json\/wp\/v2\/pages\/292\/revisions"}],"predecessor-version":[{"id":307,"href":"https:\/\/charlieaudio.fr\/index.php\/wp-json\/wp\/v2\/pages\/292\/revisions\/307"}],"wp:attachment":[{"href":"https:\/\/charlieaudio.fr\/index.php\/wp-json\/wp\/v2\/media?parent=292"}],"curies":[{"name":"wp","href":"https:\/\/api.w.org\/{rel}","templated":true}]}}