{"id":301,"date":"2025-11-27T16:06:28","date_gmt":"2025-11-27T15:06:28","guid":{"rendered":"https:\/\/charlieaudio.fr\/?page_id=301"},"modified":"2026-02-25T11:54:39","modified_gmt":"2026-02-25T10:54:39","slug":"je-moccupe-de-ton-podcast","status":"publish","type":"page","link":"https:\/\/charlieaudio.fr\/index.php\/je-moccupe-de-ton-podcast\/","title":{"rendered":"JE M&#8217;OCCUPE DE TON PODCAST"},"content":{"rendered":"\n<p>Tu as un <strong>projet<\/strong> de podcast, de documentaire ou tout autre projet audio ?<br>Tu as <strong>d\u00e9j\u00e0<\/strong> un projet en cours ?<br>Tu es <strong>d\u00e9pass\u00e9\u00b7e<\/strong> par la charge de travail, tu souhaites <strong>d\u00e9l\u00e9guer<\/strong> tout ou partie de ces t\u00e2ches que tu fais seul\u00b7e ?<br><br>La technique et la cr\u00e9ation, j\u2019adore \u00e7a.<br>Alors je te propose de <strong>prendre en charge<\/strong> ce que tu n\u2019as pas envie de r\u00e9aliser toi-m\u00eame !<br><br><strong>CE QUE JE FAIS<br><\/strong>Mon <strong>expertise<\/strong> se situe dans les champs :<br>&#8211; de la <strong>prise de son<\/strong><br>&#8211; de l\u2019accompagnement \u00e0 l\u2019<strong>\u00e9criture<\/strong><br>&#8211; de la <strong>r\u00e9alisation<\/strong><br>&#8211; du <strong>montage<\/strong><br>&#8211; du <strong>mixage<\/strong><br>&#8211; de la <strong>cr\u00e9ation musicale <\/strong>(g\u00e9n\u00e9rique, musique d\u2019ambiance, etc.)<br><br><strong>COMMENT \u00c7A SE PASSE ?<br><\/strong>On fonctionne en <strong>aller-retour<\/strong> : je <strong>t\u2019envoie<\/strong> ce que j\u2019ai r\u00e9alis\u00e9 concernant une ou plusieurs t\u00e2ches que tu souhaites me d\u00e9l\u00e9guer, tu valides ou me fait tes retours et <strong>j\u2019ajuste<\/strong>.<br>La d\u00e9cision finale te revient.<br>On travaille <strong>ensemble<\/strong>, je suis l\u00e0 pour <strong>t\u2019aider<\/strong> \u00e0 porter ton projet <strong>plus loin<\/strong> !<br><br>Je vis dans la r\u00e9gion de Marseille et peut r\u00e9aliser ce travail en <strong>pr\u00e9sentiel<\/strong> (moyennant un d\u00e9fraiement selon les cas) ou \u00e0 <strong>distance<\/strong> !<br><br><br><strong><em><span style=\"text-decoration: underline;\">Tarif (sur devis)<\/span><\/em><\/strong><br>&#8211;> <em>\u00e0 partir de<\/em> : 420\u20ac \/ 560\u20ac \/ 700\u20ac<br><br><strong>Contacte-moi pour un devis personnalis\u00e9 !<\/strong><br><strong>Tu peux aussi prendre rendez-vous pour un appel d\u00e9couverte !<\/strong><\/p>\n\n\n\n<div class=\"wp-block-buttons is-layout-flex wp-block-buttons-is-layout-flex\">\n<div class=\"wp-block-button\"><a class=\"wp-block-button__link has-background wp-element-button\" href=\"https:\/\/zcal.co\/charlie-audio\/appeldecouverte\" style=\"background-color:#3c6ce6\">\u260e\ufe0f  APPEL D\u00c9COUVERTE GRATUIT<\/a><\/div>\n<\/div>\n\n\n\n<p><\/p>\n","protected":false},"excerpt":{"rendered":"<p>Tu as un projet de podcast, de documentaire ou tout autre projet audio ?Tu as d\u00e9j\u00e0 un projet en cours ?Tu es d\u00e9pass\u00e9\u00b7e par la charge de travail, tu souhaites d\u00e9l\u00e9guer tout ou partie de ces t\u00e2ches que tu fais seul\u00b7e ? La technique et la cr\u00e9ation, j\u2019adore \u00e7a.Alors je te propose de prendre en &hellip; <\/p>\n<p class=\"link-more\"><a href=\"https:\/\/charlieaudio.fr\/index.php\/je-moccupe-de-ton-podcast\/\" class=\"more-link\">Read more<span class=\"screen-reader-text\"> &#8220;JE M&#8217;OCCUPE DE TON PODCAST&#8221;<\/span><\/a><\/p>\n","protected":false},"author":1,"featured_media":101,"parent":0,"menu_order":0,"comment_status":"closed","ping_status":"open","template":"","meta":{"footnotes":""},"class_list":["post-301","page","type-page","status-publish","has-post-thumbnail","hentry"],"featured_media_urls":{"thumbnail":["https:\/\/charlieaudio.fr\/wp-content\/uploads\/2025\/05\/IMG_3761-scaled-e1746967808386-150x150.jpeg",150,150,true],"medium":["https:\/\/charlieaudio.fr\/wp-content\/uploads\/2025\/05\/IMG_3761-scaled-e1746967808386-300x80.jpeg",300,80,true],"medium_large":["https:\/\/charlieaudio.fr\/wp-content\/uploads\/2025\/05\/IMG_3761-scaled-e1746967808386-768x205.jpeg",768,205,true],"large":["https:\/\/charlieaudio.fr\/wp-content\/uploads\/2025\/05\/IMG_3761-scaled-e1746967808386-1024x273.jpeg",950,253,true],"1536x1536":["https:\/\/charlieaudio.fr\/wp-content\/uploads\/2025\/05\/IMG_3761-scaled-e1746967808386-1536x410.jpeg",1536,410,true],"2048x2048":["https:\/\/charlieaudio.fr\/wp-content\/uploads\/2025\/05\/IMG_3761-scaled-1536x2048.jpeg",1536,2048,true],"inspiro-featured-image":["https:\/\/charlieaudio.fr\/wp-content\/uploads\/2025\/05\/IMG_3761-2000x2667.jpeg",2000,2667,true],"inspiro-loop":["https:\/\/charlieaudio.fr\/wp-content\/uploads\/2025\/05\/IMG_3761-scaled-e1746967808386-950x320.jpeg",950,320,true],"inspiro-loop@2x":["https:\/\/charlieaudio.fr\/wp-content\/uploads\/2025\/05\/IMG_3761-scaled-e1746967808386-1900x512.jpeg",1900,512,true],"mailpoet_newsletter_max":["https:\/\/charlieaudio.fr\/wp-content\/uploads\/2025\/05\/IMG_3761-scaled-e1746967808386-1320x352.jpeg",1320,352,true],"portfolio_item-thumbnail":["https:\/\/charlieaudio.fr\/wp-content\/uploads\/2025\/05\/IMG_3761-scaled-e1746967808386-600x400.jpeg",600,400,true],"portfolio_item-thumbnail@2x":["https:\/\/charlieaudio.fr\/wp-content\/uploads\/2025\/05\/IMG_3761-scaled-e1746967808386-1200x512.jpeg",1200,512,true],"portfolio_item-masonry":["https:\/\/charlieaudio.fr\/wp-content\/uploads\/2025\/05\/IMG_3761-scaled-e1746967808386-600x160.jpeg",600,160,true],"portfolio_item-masonry@2x":["https:\/\/charlieaudio.fr\/wp-content\/uploads\/2025\/05\/IMG_3761-scaled-e1746967808386-1200x320.jpeg",1200,320,true],"portfolio_item-thumbnail_cinema":["https:\/\/charlieaudio.fr\/wp-content\/uploads\/2025\/05\/IMG_3761-scaled-e1746967808386-800x335.jpeg",800,335,true],"portfolio_item-thumbnail_portrait":["https:\/\/charlieaudio.fr\/wp-content\/uploads\/2025\/05\/IMG_3761-scaled-e1746967808386-600x512.jpeg",600,512,true],"portfolio_item-thumbnail_portrait@2x":["https:\/\/charlieaudio.fr\/wp-content\/uploads\/2025\/05\/IMG_3761-scaled-e1746967808386-1200x512.jpeg",1200,512,true],"portfolio_item-thumbnail_square":["https:\/\/charlieaudio.fr\/wp-content\/uploads\/2025\/05\/IMG_3761-scaled-e1746967808386-800x512.jpeg",800,512,true]},"_links":{"self":[{"href":"https:\/\/charlieaudio.fr\/index.php\/wp-json\/wp\/v2\/pages\/301","targetHints":{"allow":["GET"]}}],"collection":[{"href":"https:\/\/charlieaudio.fr\/index.php\/wp-json\/wp\/v2\/pages"}],"about":[{"href":"https:\/\/charlieaudio.fr\/index.php\/wp-json\/wp\/v2\/types\/page"}],"author":[{"embeddable":true,"href":"https:\/\/charlieaudio.fr\/index.php\/wp-json\/wp\/v2\/users\/1"}],"replies":[{"embeddable":true,"href":"https:\/\/charlieaudio.fr\/index.php\/wp-json\/wp\/v2\/comments?post=301"}],"version-history":[{"count":7,"href":"https:\/\/charlieaudio.fr\/index.php\/wp-json\/wp\/v2\/pages\/301\/revisions"}],"predecessor-version":[{"id":325,"href":"https:\/\/charlieaudio.fr\/index.php\/wp-json\/wp\/v2\/pages\/301\/revisions\/325"}],"wp:featuredmedia":[{"embeddable":true,"href":"https:\/\/charlieaudio.fr\/index.php\/wp-json\/wp\/v2\/media\/101"}],"wp:attachment":[{"href":"https:\/\/charlieaudio.fr\/index.php\/wp-json\/wp\/v2\/media?parent=301"}],"curies":[{"name":"wp","href":"https:\/\/api.w.org\/{rel}","templated":true}]}}