{"id":81,"date":"2025-05-10T19:23:29","date_gmt":"2025-05-10T17:23:29","guid":{"rendered":"https:\/\/charlieaudio.fr\/?page_id=81"},"modified":"2026-02-25T11:47:52","modified_gmt":"2026-02-25T10:47:52","slug":"formation-podcast","status":"publish","type":"page","link":"https:\/\/charlieaudio.fr\/index.php\/formation-podcast\/","title":{"rendered":"FORMATION PODCAST"},"content":{"rendered":"\n<p>Il s&#8217;agit d&#8217;une formation de 14h (ou 21h sur demande).<\/p>\n\n\n\n<p>Selon les demandes, nous pouvons travailler sur une \u00e9mission de podcast fictive ou bien sur le projet du.des participant\u00b7e\u00b7s. Nous abordons les diff\u00e9rentes \u00e9tapes de cr\u00e9ation d&#8217;un podcast : \u00e9laboration du contenu, enregistrement de sons, voix et interview, habillage sonore, montage, mixage, communication et diffusion de son podcast.<\/p>\n\n\n\n<p>Le programme type est le suivant (soumis \u00e0 modification. Cela constitue une base que nous pouvons red\u00e9finir ensemble) :<\/p>\n\n\n\n<ul class=\"wp-block-list\">\n<li>Le podcast qu&#8217;est-ce que c&#8217;est ? Tour d&#8217;horizon des formats possibles et des bases de ce qu&#8217;est un podcast<\/li>\n\n\n\n<li>Prise en main du mat\u00e9riel d&#8217;enregistrement<\/li>\n\n\n\n<li>Prise en main du logiciel de montage Reaper<\/li>\n\n\n\n<li>Selon le.la.les participant\u00b7e\u00b7s et les envies : cr\u00e9ation d&#8217;un podcast collectif avec un \u00e9pisode par participant\u00b7e (travail en groupe au d\u00e9part) ou cr\u00e9ation d&#8217;un podcast par participant\u00b7e (travail en solo tout au long de la formation)<\/li>\n\n\n\n<li>Temps de pr\u00e9paration du podcast qui va \u00eatre cr\u00e9\u00e9 : sujet, angle, titre, etc.<\/li>\n\n\n\n<li>Enregistrements en int\u00e9rieur et ext\u00e9rieur<\/li>\n\n\n\n<li>Recueil de sons d&#8217;ambiance<\/li>\n\n\n\n<li>Cr\u00e9ation d&#8217;un jingle, d&#8217;une intro et d&#8217;une outro : int\u00e9gration de musiques et bruitages<\/li>\n\n\n\n<li>Travail technique sur la voix (diction, d\u00e9bit, volume, posture) et enregistrement d&#8217;une interview<\/li>\n\n\n\n<li>Appr\u00e9hender les techniques de montage et de mixage<\/li>\n\n\n\n<li>Diffuser son podcast : exporter, h\u00e9berger, communiquer<\/li>\n\n\n\n<li>Temps d&#8217;\u00e9coute collective et retours sur les travaux<\/li>\n\n\n\n<li>Retour du.de la.des participant\u00b7e\u00b7s sur la formation<\/li>\n<\/ul>\n\n\n\n<p>Cette formation accessible :<br>&#8211; en pr\u00e9sentiel sur Marseille &amp; environs (et partout ailleurs moyennant un d\u00e9fraiement)<br>&#8211; en visio<br><\/p>\n\n\n\n<p><strong><em><span style=\"text-decoration: underline;\">Tarif<br><\/span><\/em><\/strong>&#8211;> 840\u20ac \/ 1120\u20ac \/ 1400\u20ac<\/p>\n\n\n\n<p><\/p>\n","protected":false},"excerpt":{"rendered":"<p>Il s&#8217;agit d&#8217;une formation de 14h (ou 21h sur demande). Selon les demandes, nous pouvons travailler sur une \u00e9mission de podcast fictive ou bien sur le projet du.des participant\u00b7e\u00b7s. Nous abordons les diff\u00e9rentes \u00e9tapes de cr\u00e9ation d&#8217;un podcast : \u00e9laboration du contenu, enregistrement de sons, voix et interview, habillage sonore, montage, mixage, communication et diffusion &hellip; <\/p>\n<p class=\"link-more\"><a href=\"https:\/\/charlieaudio.fr\/index.php\/formation-podcast\/\" class=\"more-link\">Read more<span class=\"screen-reader-text\"> &#8220;FORMATION PODCAST&#8221;<\/span><\/a><\/p>\n","protected":false},"author":1,"featured_media":62,"parent":0,"menu_order":0,"comment_status":"closed","ping_status":"open","template":"","meta":{"footnotes":""},"class_list":["post-81","page","type-page","status-publish","has-post-thumbnail","hentry"],"featured_media_urls":{"thumbnail":["https:\/\/charlieaudio.fr\/wp-content\/uploads\/2025\/05\/microphone-2198570_1280-150x150.jpg",150,150,true],"medium":["https:\/\/charlieaudio.fr\/wp-content\/uploads\/2025\/05\/microphone-2198570_1280-300x199.jpg",300,199,true],"medium_large":["https:\/\/charlieaudio.fr\/wp-content\/uploads\/2025\/05\/microphone-2198570_1280.jpg",768,509,false],"large":["https:\/\/charlieaudio.fr\/wp-content\/uploads\/2025\/05\/microphone-2198570_1280-1024x678.jpg",950,629,true],"1536x1536":["https:\/\/charlieaudio.fr\/wp-content\/uploads\/2025\/05\/microphone-2198570_1280.jpg",1280,848,false],"2048x2048":["https:\/\/charlieaudio.fr\/wp-content\/uploads\/2025\/05\/microphone-2198570_1280.jpg",1280,848,false],"inspiro-featured-image":["https:\/\/charlieaudio.fr\/wp-content\/uploads\/2025\/05\/microphone-2198570_1280.jpg",1280,848,false],"inspiro-loop":["https:\/\/charlieaudio.fr\/wp-content\/uploads\/2025\/05\/microphone-2198570_1280-950x320.jpg",950,320,true],"inspiro-loop@2x":["https:\/\/charlieaudio.fr\/wp-content\/uploads\/2025\/05\/microphone-2198570_1280-1280x640.jpg",1280,640,true],"mailpoet_newsletter_max":["https:\/\/charlieaudio.fr\/wp-content\/uploads\/2025\/05\/microphone-2198570_1280.jpg",1280,848,false],"portfolio_item-thumbnail":["https:\/\/charlieaudio.fr\/wp-content\/uploads\/2025\/05\/microphone-2198570_1280-600x400.jpg",600,400,true],"portfolio_item-thumbnail@2x":["https:\/\/charlieaudio.fr\/wp-content\/uploads\/2025\/05\/microphone-2198570_1280-1200x800.jpg",1200,800,true],"portfolio_item-masonry":["https:\/\/charlieaudio.fr\/wp-content\/uploads\/2025\/05\/microphone-2198570_1280-600x398.jpg",600,398,true],"portfolio_item-masonry@2x":["https:\/\/charlieaudio.fr\/wp-content\/uploads\/2025\/05\/microphone-2198570_1280-1200x795.jpg",1200,795,true],"portfolio_item-thumbnail_cinema":["https:\/\/charlieaudio.fr\/wp-content\/uploads\/2025\/05\/microphone-2198570_1280-800x335.jpg",800,335,true],"portfolio_item-thumbnail_portrait":["https:\/\/charlieaudio.fr\/wp-content\/uploads\/2025\/05\/microphone-2198570_1280-600x848.jpg",600,848,true],"portfolio_item-thumbnail_portrait@2x":["https:\/\/charlieaudio.fr\/wp-content\/uploads\/2025\/05\/microphone-2198570_1280-1200x848.jpg",1200,848,true],"portfolio_item-thumbnail_square":["https:\/\/charlieaudio.fr\/wp-content\/uploads\/2025\/05\/microphone-2198570_1280-800x800.jpg",800,800,true]},"_links":{"self":[{"href":"https:\/\/charlieaudio.fr\/index.php\/wp-json\/wp\/v2\/pages\/81","targetHints":{"allow":["GET"]}}],"collection":[{"href":"https:\/\/charlieaudio.fr\/index.php\/wp-json\/wp\/v2\/pages"}],"about":[{"href":"https:\/\/charlieaudio.fr\/index.php\/wp-json\/wp\/v2\/types\/page"}],"author":[{"embeddable":true,"href":"https:\/\/charlieaudio.fr\/index.php\/wp-json\/wp\/v2\/users\/1"}],"replies":[{"embeddable":true,"href":"https:\/\/charlieaudio.fr\/index.php\/wp-json\/wp\/v2\/comments?post=81"}],"version-history":[{"count":9,"href":"https:\/\/charlieaudio.fr\/index.php\/wp-json\/wp\/v2\/pages\/81\/revisions"}],"predecessor-version":[{"id":320,"href":"https:\/\/charlieaudio.fr\/index.php\/wp-json\/wp\/v2\/pages\/81\/revisions\/320"}],"wp:featuredmedia":[{"embeddable":true,"href":"https:\/\/charlieaudio.fr\/index.php\/wp-json\/wp\/v2\/media\/62"}],"wp:attachment":[{"href":"https:\/\/charlieaudio.fr\/index.php\/wp-json\/wp\/v2\/media?parent=81"}],"curies":[{"name":"wp","href":"https:\/\/api.w.org\/{rel}","templated":true}]}}