{"id":93,"date":"2025-05-11T14:25:10","date_gmt":"2025-05-11T12:25:10","guid":{"rendered":"https:\/\/charlieaudio.fr\/?page_id=93"},"modified":"2025-05-11T14:28:16","modified_gmt":"2025-05-11T12:28:16","slug":"ateliers-scolaires","status":"publish","type":"page","link":"https:\/\/charlieaudio.fr\/index.php\/ateliers-scolaires\/","title":{"rendered":"ATELIERS SCOLAIRES"},"content":{"rendered":"\n<p>Nous co-construisons le projet avec l&#8217;\u00e9quipe \u00e9ducative, en fonction du programme, des envies des \u00e9l\u00e8ves et de leur professeur\u00b7e. Lorsque je r\u00e9alise un atelier sur le temps long, j&#8217;accompagne les \u00e9l\u00e8ves vers la r\u00e9alisation d&#8217;un projet final et organise g\u00e9n\u00e9ralement une restitution de celui-ci.<\/p>\n\n\n\n<p>Je peux intervenir aussi bien sur une demi-journ\u00e9e que sur plusieurs s\u00e9ances en fonction des besoins, des envies et du budget.<\/p>\n\n\n\n<p>Chaque s\u00e9ance dure entre 2 et 4 heures.<\/p>\n\n\n\n<p>Les ateliers se passent g\u00e9n\u00e9ralement en classe, mais ils peuvent aussi avoir lieu lors de sorties scolaires par exemple.<\/p>\n","protected":false},"excerpt":{"rendered":"<p>Nous co-construisons le projet avec l&#8217;\u00e9quipe \u00e9ducative, en fonction du programme, des envies des \u00e9l\u00e8ves et de leur professeur\u00b7e. Lorsque je r\u00e9alise un atelier sur le temps long, j&#8217;accompagne les \u00e9l\u00e8ves vers la r\u00e9alisation d&#8217;un projet final et organise g\u00e9n\u00e9ralement une restitution de celui-ci. Je peux intervenir aussi bien sur une demi-journ\u00e9e que sur plusieurs &hellip; <\/p>\n<p class=\"link-more\"><a href=\"https:\/\/charlieaudio.fr\/index.php\/ateliers-scolaires\/\" class=\"more-link\">Read more<span class=\"screen-reader-text\"> &#8220;ATELIERS SCOLAIRES&#8221;<\/span><\/a><\/p>\n","protected":false},"author":1,"featured_media":95,"parent":0,"menu_order":0,"comment_status":"closed","ping_status":"open","template":"","meta":{"footnotes":""},"class_list":["post-93","page","type-page","status-publish","has-post-thumbnail","hentry"],"featured_media_urls":{"thumbnail":["https:\/\/charlieaudio.fr\/wp-content\/uploads\/2025\/05\/radio-6730709_1280-150x150.jpg",150,150,true],"medium":["https:\/\/charlieaudio.fr\/wp-content\/uploads\/2025\/05\/radio-6730709_1280-200x300.jpg",200,300,true],"medium_large":["https:\/\/charlieaudio.fr\/wp-content\/uploads\/2025\/05\/radio-6730709_1280.jpg",768,1152,false],"large":["https:\/\/charlieaudio.fr\/wp-content\/uploads\/2025\/05\/radio-6730709_1280-682x1024.jpg",682,1024,true],"1536x1536":["https:\/\/charlieaudio.fr\/wp-content\/uploads\/2025\/05\/radio-6730709_1280.jpg",853,1280,false],"2048x2048":["https:\/\/charlieaudio.fr\/wp-content\/uploads\/2025\/05\/radio-6730709_1280.jpg",853,1280,false],"inspiro-featured-image":["https:\/\/charlieaudio.fr\/wp-content\/uploads\/2025\/05\/radio-6730709_1280.jpg",853,1280,false],"inspiro-loop":["https:\/\/charlieaudio.fr\/wp-content\/uploads\/2025\/05\/radio-6730709_1280-853x320.jpg",853,320,true],"inspiro-loop@2x":["https:\/\/charlieaudio.fr\/wp-content\/uploads\/2025\/05\/radio-6730709_1280-853x640.jpg",853,640,true],"mailpoet_newsletter_max":["https:\/\/charlieaudio.fr\/wp-content\/uploads\/2025\/05\/radio-6730709_1280.jpg",853,1280,false],"portfolio_item-thumbnail":["https:\/\/charlieaudio.fr\/wp-content\/uploads\/2025\/05\/radio-6730709_1280-600x400.jpg",600,400,true],"portfolio_item-thumbnail@2x":["https:\/\/charlieaudio.fr\/wp-content\/uploads\/2025\/05\/radio-6730709_1280-853x800.jpg",853,800,true],"portfolio_item-masonry":["https:\/\/charlieaudio.fr\/wp-content\/uploads\/2025\/05\/radio-6730709_1280-600x900.jpg",600,900,true],"portfolio_item-masonry@2x":["https:\/\/charlieaudio.fr\/wp-content\/uploads\/2025\/05\/radio-6730709_1280.jpg",853,1280,false],"portfolio_item-thumbnail_cinema":["https:\/\/charlieaudio.fr\/wp-content\/uploads\/2025\/05\/radio-6730709_1280-800x335.jpg",800,335,true],"portfolio_item-thumbnail_portrait":["https:\/\/charlieaudio.fr\/wp-content\/uploads\/2025\/05\/radio-6730709_1280-600x900.jpg",600,900,true],"portfolio_item-thumbnail_portrait@2x":["https:\/\/charlieaudio.fr\/wp-content\/uploads\/2025\/05\/radio-6730709_1280.jpg",853,1280,false],"portfolio_item-thumbnail_square":["https:\/\/charlieaudio.fr\/wp-content\/uploads\/2025\/05\/radio-6730709_1280-800x800.jpg",800,800,true]},"_links":{"self":[{"href":"https:\/\/charlieaudio.fr\/index.php\/wp-json\/wp\/v2\/pages\/93","targetHints":{"allow":["GET"]}}],"collection":[{"href":"https:\/\/charlieaudio.fr\/index.php\/wp-json\/wp\/v2\/pages"}],"about":[{"href":"https:\/\/charlieaudio.fr\/index.php\/wp-json\/wp\/v2\/types\/page"}],"author":[{"embeddable":true,"href":"https:\/\/charlieaudio.fr\/index.php\/wp-json\/wp\/v2\/users\/1"}],"replies":[{"embeddable":true,"href":"https:\/\/charlieaudio.fr\/index.php\/wp-json\/wp\/v2\/comments?post=93"}],"version-history":[{"count":1,"href":"https:\/\/charlieaudio.fr\/index.php\/wp-json\/wp\/v2\/pages\/93\/revisions"}],"predecessor-version":[{"id":94,"href":"https:\/\/charlieaudio.fr\/index.php\/wp-json\/wp\/v2\/pages\/93\/revisions\/94"}],"wp:featuredmedia":[{"embeddable":true,"href":"https:\/\/charlieaudio.fr\/index.php\/wp-json\/wp\/v2\/media\/95"}],"wp:attachment":[{"href":"https:\/\/charlieaudio.fr\/index.php\/wp-json\/wp\/v2\/media?parent=93"}],"curies":[{"name":"wp","href":"https:\/\/api.w.org\/{rel}","templated":true}]}}